{"id":20309,"date":"2019-03-24T20:50:43","date_gmt":"2019-03-24T19:50:43","guid":{"rendered":"https:\/\/www.siemens-stiftung.org\/?page_id=20309"},"modified":"2020-08-24T14:53:15","modified_gmt":"2020-08-24T12:53:15","slug":"e-mail-bestaetigung-erforderlich","status":"publish","type":"page","link":"https:\/\/www.siemens-stiftung.org\/en\/experimento-bewerbungsformular\/e-mail-bestaetigung-erforderlich\/","title":{"rendered":"E-Mail-Best\u00e4tigung erforderlich"},"content":{"rendered":"\t\t<div data-elementor-type=\"wp-post\" data-elementor-id=\"20309\" class=\"elementor elementor-20309\" data-elementor-post-type=\"page\">\n\t\t\t\t\t\t<section class=\"elementor-section elementor-top-section elementor-element elementor-element-02b5c9d siemens-section-background-color-accent-brand-platinum elementor-section-boxed elementor-section-height-default elementor-section-height-default\" data-id=\"02b5c9d\" data-element_type=\"section\" data-e-type=\"section\">\n\t\t\t\t\t\t<div class=\"elementor-container elementor-column-gap-default\">\n\t\t\t\t\t<div class=\"elementor-column elementor-col-100 elementor-top-column elementor-element elementor-element-f67dae5 siemens-foreground-color-black\" data-id=\"f67dae5\" data-element_type=\"column\" data-e-type=\"column\">\n\t\t\t<div class=\"elementor-widget-wrap elementor-element-populated\">\n\t\t\t\t\t\t<div class=\"elementor-element elementor-element-650ee16 siemens-foreground-color-black elementor-widget elementor-widget-heading\" data-id=\"650ee16\" data-element_type=\"widget\" data-e-type=\"widget\" data-widget_type=\"heading.default\">\n\t\t\t\t<div class=\"elementor-widget-container\">\n\t\t\t\t\t<h3 class=\"elementor-heading-title elementor-size-default\">Siemens Stiftung Experimento-Fortbildungen \u2013 bitte best\u00e4tigen.<\/h3>\t\t\t\t<\/div>\n\t\t\t\t<\/div>\n\t\t\t\t<div class=\"elementor-element elementor-element-9cb1294 siemens-foreground-color-black elementor-widget elementor-widget-text-editor\" data-id=\"9cb1294\" data-element_type=\"widget\" data-e-type=\"widget\" data-widget_type=\"text-editor.default\">\n\t\t\t\t<div class=\"elementor-widget-container\">\n\t\t\t\t\t\t\t\t\t<p>Vielen Dank f\u00fcr Ihr Interesse an einem Experimento-Fortbildungsseminar. Sie erhalten in K\u00fcrze eine Best\u00e4tigung Ihrer Anmeldung an die von Ihnen eingetragene E-Mail-Adresse. Bitte beachten Sie, dass Ihre Registrierung erst dann g\u00fcltig ist, wenn Sie den in der Mail enthaltenen Link best\u00e4tigen\u200c<b>.<\/b><\/p>\t\t\t\t\t\t\t\t<\/div>\n\t\t\t\t<\/div>\n\t\t\t\t\t<\/div>\n\t\t<\/div>\n\t\t\t\t\t<\/div>\n\t\t<\/section>\n\t\t\t\t<\/div>\n\t\t","protected":false},"excerpt":{"rendered":"<p>Siemens Stiftung Experimento-Fortbildungen \u2013 bitte best\u00e4tigen. Vielen Dank f\u00fcr Ihr Interesse an einem Experimento-Fortbildungsseminar. Sie erhalten in K\u00fcrze eine Best\u00e4tigung Ihrer Anmeldung an die von Ihnen eingetragene E-Mail-Adresse. Bitte beachten Sie, dass Ihre Registrierung erst dann g\u00fcltig ist, wenn Sie den in der Mail enthaltenen Link best\u00e4tigen\u200c.<\/p>\n","protected":false},"author":4,"featured_media":0,"parent":18978,"menu_order":0,"comment_status":"closed","ping_status":"closed","template":"","meta":{"_acf_changed":false,"inline_featured_image":false,"footnotes":""},"class_list":["post-20309","page","type-page","status-publish","hentry"],"acf":[],"_links":{"self":[{"href":"https:\/\/www.siemens-stiftung.org\/en\/wp-json\/wp\/v2\/pages\/20309","targetHints":{"allow":["GET"]}}],"collection":[{"href":"https:\/\/www.siemens-stiftung.org\/en\/wp-json\/wp\/v2\/pages"}],"about":[{"href":"https:\/\/www.siemens-stiftung.org\/en\/wp-json\/wp\/v2\/types\/page"}],"author":[{"embeddable":true,"href":"https:\/\/www.siemens-stiftung.org\/en\/wp-json\/wp\/v2\/users\/4"}],"replies":[{"embeddable":true,"href":"https:\/\/www.siemens-stiftung.org\/en\/wp-json\/wp\/v2\/comments?post=20309"}],"version-history":[{"count":0,"href":"https:\/\/www.siemens-stiftung.org\/en\/wp-json\/wp\/v2\/pages\/20309\/revisions"}],"up":[{"embeddable":true,"href":"https:\/\/www.siemens-stiftung.org\/en\/wp-json\/wp\/v2\/pages\/18978"}],"wp:attachment":[{"href":"https:\/\/www.siemens-stiftung.org\/en\/wp-json\/wp\/v2\/media?parent=20309"}],"curies":[{"name":"wp","href":"https:\/\/api.w.org\/{rel}","templated":true}]}}